{"id":10,"date":"2025-12-04T10:15:23","date_gmt":"2025-12-04T10:15:23","guid":{"rendered":"https:\/\/lfv.vintech.systems\/?page_id=10"},"modified":"2025-12-30T02:22:02","modified_gmt":"2025-12-30T02:22:02","slug":"homepage","status":"publish","type":"page","link":"https:\/\/lfv.vintech.systems\/","title":{"rendered":"Homepage"},"content":{"rendered":"\n<div class=\"wp-block-group has-global-padding is-layout-constrained wp-block-group-is-layout-constrained\">\n<div style=\"height:var(--wp--preset--spacing--medium)\" aria-hidden=\"true\" class=\"wp-block-spacer\"><\/div>\n\n\n\n<div class=\"wp-block-columns are-vertically-aligned-center is-layout-flex wp-container-core-columns-is-layout-7d874bf9 wp-block-columns-is-layout-flex\" style=\"margin-top:0;margin-bottom:0;padding-top:0;padding-bottom:0\">\n<div class=\"wp-block-column is-vertically-aligned-center is-layout-flow wp-block-column-is-layout-flow\">\n<h2 class=\"wp-block-heading has-text-align-center\">Was bisher geschah<\/h2>\n\n\n\n<p>Seit 1949 gestalten wir das Vereinsleben in Ober-Ramstadt mit.<br>Von Jubil\u00e4en \u00fcber Herzensprojekte bis zu besonderen Aktionen f\u00fcr alle Generationen.<\/p>\n\n\n\n<div class=\"wp-block-buttons is-horizontal is-content-justification-center is-layout-flex wp-container-core-buttons-is-layout-03627597 wp-block-buttons-is-layout-flex\">\n<div class=\"wp-block-button\"><a class=\"wp-block-button__link wp-element-button\" href=\"https:\/\/lfv.vintech.systems\/index.php\/was-bisher-geschah\/\">Historie der Landfrauen<\/a><\/div>\n<\/div>\n<\/div>\n\n\n\n<div class=\"wp-block-column is-vertically-aligned-center is-layout-flow wp-block-column-is-layout-flow\">\n<h2 class=\"wp-block-heading has-text-align-center\"><strong>Unser Vorstand<\/strong><\/h2>\n\n\n\n<p>Hinter unserem Programm steht ein engagiertes Team.<br>Hier stellen wir unseren Vorstand vor \u2013 mit Aufgabenbereichen und Ansprechpartnerinnen.<\/p>\n\n\n\n<div class=\"wp-block-buttons is-content-justification-center is-layout-flex wp-container-core-buttons-is-layout-a89b3969 wp-block-buttons-is-layout-flex\">\n<div class=\"wp-block-button\"><a class=\"wp-block-button__link wp-element-button\" href=\"https:\/\/lfv.vintech.systems\/index.php\/vorstand-der-landfrauen\/\">Vorstand der Landfrauen<\/a><\/div>\n<\/div>\n<\/div>\n\n\n\n<div class=\"wp-block-column is-vertically-aligned-center is-layout-flow wp-block-column-is-layout-flow\">\n<h2 class=\"wp-block-heading has-text-align-center\"><strong>Jahresprogramm<\/strong><\/h2>\n\n\n\n<p>Vortr\u00e4ge, Ausfl\u00fcge, Kreativabende, Babbelrunden und mehr.<br>Entdeckt, was in diesem Jahr ansteht und kommt gern dazu.<\/p>\n\n\n\n<div class=\"wp-block-buttons is-content-justification-center is-layout-flex wp-container-core-buttons-is-layout-23a043ba wp-block-buttons-is-layout-flex\">\n<div class=\"wp-block-button\"><a class=\"wp-block-button__link wp-element-button\" href=\"https:\/\/lfv.vintech.systems\/index.php\/aktuelle-termine\/\">Aktuelle Termine<\/a><\/div>\n<\/div>\n<\/div>\n<\/div>\n<\/div>\n\n\n\n<div style=\"height:var(--wp--preset--spacing--small)\" aria-hidden=\"true\" class=\"wp-block-spacer\"><\/div>\n\n\n\n<hr class=\"wp-block-separator has-alpha-channel-opacity is-style-default\" style=\"margin-top:0;margin-bottom:0\"\/>\n\n\n\n<div class=\"wp-block-group has-global-padding is-layout-constrained wp-block-group-is-layout-constrained\">\n<h2 class=\"wp-block-heading has-text-align-center has-large-font-size\" id=\"ueber-uns\" style=\"letter-spacing:1px\"><strong>\u00dcber uns<\/strong><\/h2>\n\n\n\n<div style=\"height:var(--wp--preset--spacing--x-small)\" aria-hidden=\"true\" class=\"wp-block-spacer\"><\/div>\n\n\n\n<div class=\"wp-block-columns are-vertically-aligned-center is-layout-flex wp-container-core-columns-is-layout-28f84493 wp-block-columns-is-layout-flex\">\n<div class=\"wp-block-column is-vertically-aligned-center is-layout-flow wp-block-column-is-layout-flow\">\n<p class=\"has-text-align-center\" style=\"font-style:normal;font-weight:400;line-height:1.5\">Wir Landfrauen Ober-Ramstadt sind eine stetig wachsende Gemeinschaft und sprechen mit Veranstaltungen und Aktionen Frauen jeden Alters an. <br>Regional verwurzelt setzen wir uns f\u00fcr aktuelle Themen in unserer Heimat ein und helfen dort, wo wir k\u00f6nnen \u2013 soziales Engagement ist uns wichtig. Seit 2021 sind wir Teil des \u201eNetzwerk Engagement\u201c.<\/p>\n\n\n\n<p class=\"has-text-align-center\" style=\"font-style:normal;font-weight:400;line-height:1.5\">Tradition hat bei uns einen festen Platz: Das Landfrauencaf\u00e9 an Kerb und Weihnachtsmarkt mit unseren Kuchen geh\u00f6rt einfach dazu. <br>Gleichzeitig sind wir modern und vielseitig unterwegs \u2013 mit Vortr\u00e4gen, Seminaren, Ausfl\u00fcgen, Bastel- und Vorleseabenden sowie geselligen Babbelrunden. <\/p>\n\n\n\n<p class=\"has-text-align-center\" style=\"font-style:normal;font-weight:400;line-height:1.5\">Auch f\u00fcr Kinder gibt es Angebote wie \u201eDinn\u00e4 mit Kinn\u00e4\u201c.<br>Wir freuen uns \u00fcber alle, die neugierig sind, mitmachen oder einfach mal vorbeischauen m\u00f6chten.<\/p>\n<\/div>\n\n\n\n<div class=\"wp-block-column is-vertically-aligned-center is-layout-flow wp-block-column-is-layout-flow\">\n<figure class=\"wp-block-image alignright size-large is-style-default\" style=\"margin-top:0;margin-right:var(--wp--preset--spacing--x-small);margin-bottom:0;margin-left:var(--wp--preset--spacing--x-small)\"><img loading=\"lazy\" decoding=\"async\" width=\"1024\" height=\"880\" src=\"https:\/\/lfv.vintech.systems\/wp-content\/uploads\/2025\/12\/IMG-20191026-WA0113-1024x880.jpg\" alt=\"\" class=\"wp-image-45\" style=\"aspect-ratio:3\/2;object-fit:cover\" srcset=\"https:\/\/lfv.vintech.systems\/wp-content\/uploads\/2025\/12\/IMG-20191026-WA0113-1024x880.jpg 1024w, https:\/\/lfv.vintech.systems\/wp-content\/uploads\/2025\/12\/IMG-20191026-WA0113-300x258.jpg 300w, https:\/\/lfv.vintech.systems\/wp-content\/uploads\/2025\/12\/IMG-20191026-WA0113.jpg 1220w\" sizes=\"auto, (max-width: 1024px) 100vw, 1024px\" \/><\/figure>\n<\/div>\n<\/div>\n<\/div>\n\n\n\n<div style=\"height:var(--wp--preset--spacing--small)\" aria-hidden=\"true\" class=\"wp-block-spacer\"><\/div>\n","protected":false},"excerpt":{"rendered":"<p>Was bisher geschah Seit 1949 gestalten wir das Vereinsleben in Ober-Ramstadt mit.Von Jubil\u00e4en \u00fcber Herzensprojekte bis zu besonderen Aktionen f\u00fcr alle Generationen. Unser Vorstand Hinter unserem Programm steht ein engagiertes Team.Hier stellen wir unseren Vorstand vor \u2013 mit Aufgabenbereichen und Ansprechpartnerinnen. Jahresprogramm Vortr\u00e4ge, Ausfl\u00fcge, Kreativabende, Babbelrunden und mehr.Entdeckt, was in diesem Jahr ansteht und kommt &hellip; <\/p>\n<p class=\"link-more\"><a href=\"https:\/\/lfv.vintech.systems\/\" class=\"more-link\">Mehr <span class=\"screen-reader-text\">\u00fcber &#8222;Homepage&#8220; <\/span>Lesen<\/a><\/p>\n","protected":false},"author":1,"featured_media":0,"parent":0,"menu_order":0,"comment_status":"closed","ping_status":"closed","template":"page-templates\/homepage-builder-bb.php","meta":{"inspiro_hide_title":false,"footnotes":""},"class_list":["post-10","page","type-page","status-publish","hentry"],"yoast_head":"<!-- This site is optimized with the Yoast SEO plugin v27.5 - https:\/\/yoast.com\/product\/yoast-seo-wordpress\/ -->\n<title>Homepage - LandFrauen Verein Ober-Ramstadt<\/title>\n<meta name=\"robots\" content=\"index, follow, max-snippet:-1, max-image-preview:large, max-video-preview:-1\" \/>\n<link rel=\"canonical\" href=\"https:\/\/lfv.vintech.systems\/\" \/>\n<meta property=\"og:locale\" content=\"de_DE\" \/>\n<meta property=\"og:type\" content=\"article\" \/>\n<meta property=\"og:title\" content=\"Homepage - LandFrauen Verein Ober-Ramstadt\" \/>\n<meta property=\"og:description\" content=\"Was bisher geschah Seit 1949 gestalten wir das Vereinsleben in Ober-Ramstadt mit.Von Jubil\u00e4en \u00fcber Herzensprojekte bis zu besonderen Aktionen f\u00fcr alle Generationen. Unser Vorstand Hinter unserem Programm steht ein engagiertes Team.Hier stellen wir unseren Vorstand vor \u2013 mit Aufgabenbereichen und Ansprechpartnerinnen. Jahresprogramm Vortr\u00e4ge, Ausfl\u00fcge, Kreativabende, Babbelrunden und mehr.Entdeckt, was in diesem Jahr ansteht und kommt &hellip; Mehr \u00fcber &quot;Homepage&quot; Lesen\" \/>\n<meta property=\"og:url\" content=\"https:\/\/lfv.vintech.systems\/\" \/>\n<meta property=\"og:site_name\" content=\"LandFrauen Verein Ober-Ramstadt\" \/>\n<meta property=\"article:modified_time\" content=\"2025-12-30T02:22:02+00:00\" \/>\n<meta property=\"og:image\" content=\"https:\/\/lfv.vintech.systems\/wp-content\/uploads\/2025\/12\/IMG-20191026-WA0113.jpg\" \/>\n\t<meta property=\"og:image:width\" content=\"1220\" \/>\n\t<meta property=\"og:image:height\" content=\"1048\" \/>\n\t<meta property=\"og:image:type\" content=\"image\/jpeg\" \/>\n<meta name=\"twitter:card\" content=\"summary_large_image\" \/>\n<meta name=\"twitter:label1\" content=\"Gesch\u00e4tzte Lesezeit\" \/>\n\t<meta name=\"twitter:data1\" content=\"2\u00a0Minuten\" \/>\n<script type=\"application\/ld+json\" class=\"yoast-schema-graph\">{\"@context\":\"https:\\\/\\\/schema.org\",\"@graph\":[{\"@type\":\"WebPage\",\"@id\":\"https:\\\/\\\/lfv.vintech.systems\\\/\",\"url\":\"https:\\\/\\\/lfv.vintech.systems\\\/\",\"name\":\"Homepage - LandFrauen Verein Ober-Ramstadt\",\"isPartOf\":{\"@id\":\"https:\\\/\\\/lfv.vintech.systems\\\/#website\"},\"primaryImageOfPage\":{\"@id\":\"https:\\\/\\\/lfv.vintech.systems\\\/#primaryimage\"},\"image\":{\"@id\":\"https:\\\/\\\/lfv.vintech.systems\\\/#primaryimage\"},\"thumbnailUrl\":\"https:\\\/\\\/lfv.vintech.systems\\\/wp-content\\\/uploads\\\/2025\\\/12\\\/IMG-20191026-WA0113-1024x880.jpg\",\"datePublished\":\"2025-12-04T10:15:23+00:00\",\"dateModified\":\"2025-12-30T02:22:02+00:00\",\"breadcrumb\":{\"@id\":\"https:\\\/\\\/lfv.vintech.systems\\\/#breadcrumb\"},\"inLanguage\":\"de\",\"potentialAction\":[{\"@type\":\"ReadAction\",\"target\":[\"https:\\\/\\\/lfv.vintech.systems\\\/\"]}]},{\"@type\":\"ImageObject\",\"inLanguage\":\"de\",\"@id\":\"https:\\\/\\\/lfv.vintech.systems\\\/#primaryimage\",\"url\":\"https:\\\/\\\/lfv.vintech.systems\\\/wp-content\\\/uploads\\\/2025\\\/12\\\/IMG-20191026-WA0113.jpg\",\"contentUrl\":\"https:\\\/\\\/lfv.vintech.systems\\\/wp-content\\\/uploads\\\/2025\\\/12\\\/IMG-20191026-WA0113.jpg\",\"width\":1220,\"height\":1048},{\"@type\":\"BreadcrumbList\",\"@id\":\"https:\\\/\\\/lfv.vintech.systems\\\/#breadcrumb\",\"itemListElement\":[{\"@type\":\"ListItem\",\"position\":1,\"name\":\"Startseite\",\"item\":\"https:\\\/\\\/lfv.vintech.systems\\\/\"},{\"@type\":\"ListItem\",\"position\":2,\"name\":\"Homepage\"}]},{\"@type\":\"WebSite\",\"@id\":\"https:\\\/\\\/lfv.vintech.systems\\\/#website\",\"url\":\"https:\\\/\\\/lfv.vintech.systems\\\/\",\"name\":\"LandFrauen Verein Ober-Ramstadt\",\"description\":\"\",\"publisher\":{\"@id\":\"https:\\\/\\\/lfv.vintech.systems\\\/#organization\"},\"potentialAction\":[{\"@type\":\"SearchAction\",\"target\":{\"@type\":\"EntryPoint\",\"urlTemplate\":\"https:\\\/\\\/lfv.vintech.systems\\\/?s={search_term_string}\"},\"query-input\":{\"@type\":\"PropertyValueSpecification\",\"valueRequired\":true,\"valueName\":\"search_term_string\"}}],\"inLanguage\":\"de\"},{\"@type\":\"Organization\",\"@id\":\"https:\\\/\\\/lfv.vintech.systems\\\/#organization\",\"name\":\"LandFrauen Verein Ober-Ramstadt\",\"url\":\"https:\\\/\\\/lfv.vintech.systems\\\/\",\"logo\":{\"@type\":\"ImageObject\",\"inLanguage\":\"de\",\"@id\":\"https:\\\/\\\/lfv.vintech.systems\\\/#\\\/schema\\\/logo\\\/image\\\/\",\"url\":\"https:\\\/\\\/lfv.vintech.systems\\\/wp-content\\\/uploads\\\/2025\\\/12\\\/cropped-logo-gross-1.png\",\"contentUrl\":\"https:\\\/\\\/lfv.vintech.systems\\\/wp-content\\\/uploads\\\/2025\\\/12\\\/cropped-logo-gross-1.png\",\"width\":453,\"height\":174,\"caption\":\"LandFrauen Verein Ober-Ramstadt\"},\"image\":{\"@id\":\"https:\\\/\\\/lfv.vintech.systems\\\/#\\\/schema\\\/logo\\\/image\\\/\"}}]}<\/script>\n<!-- \/ Yoast SEO plugin. -->","yoast_head_json":{"title":"Homepage - LandFrauen Verein Ober-Ramstadt","robots":{"index":"index","follow":"follow","max-snippet":"max-snippet:-1","max-image-preview":"max-image-preview:large","max-video-preview":"max-video-preview:-1"},"canonical":"https:\/\/lfv.vintech.systems\/","og_locale":"de_DE","og_type":"article","og_title":"Homepage - LandFrauen Verein Ober-Ramstadt","og_description":"Was bisher geschah Seit 1949 gestalten wir das Vereinsleben in Ober-Ramstadt mit.Von Jubil\u00e4en \u00fcber Herzensprojekte bis zu besonderen Aktionen f\u00fcr alle Generationen. Unser Vorstand Hinter unserem Programm steht ein engagiertes Team.Hier stellen wir unseren Vorstand vor \u2013 mit Aufgabenbereichen und Ansprechpartnerinnen. Jahresprogramm Vortr\u00e4ge, Ausfl\u00fcge, Kreativabende, Babbelrunden und mehr.Entdeckt, was in diesem Jahr ansteht und kommt &hellip; Mehr \u00fcber \"Homepage\" Lesen","og_url":"https:\/\/lfv.vintech.systems\/","og_site_name":"LandFrauen Verein Ober-Ramstadt","article_modified_time":"2025-12-30T02:22:02+00:00","og_image":[{"width":1220,"height":1048,"url":"https:\/\/lfv.vintech.systems\/wp-content\/uploads\/2025\/12\/IMG-20191026-WA0113.jpg","type":"image\/jpeg"}],"twitter_card":"summary_large_image","twitter_misc":{"Gesch\u00e4tzte Lesezeit":"2\u00a0Minuten"},"schema":{"@context":"https:\/\/schema.org","@graph":[{"@type":"WebPage","@id":"https:\/\/lfv.vintech.systems\/","url":"https:\/\/lfv.vintech.systems\/","name":"Homepage - LandFrauen Verein Ober-Ramstadt","isPartOf":{"@id":"https:\/\/lfv.vintech.systems\/#website"},"primaryImageOfPage":{"@id":"https:\/\/lfv.vintech.systems\/#primaryimage"},"image":{"@id":"https:\/\/lfv.vintech.systems\/#primaryimage"},"thumbnailUrl":"https:\/\/lfv.vintech.systems\/wp-content\/uploads\/2025\/12\/IMG-20191026-WA0113-1024x880.jpg","datePublished":"2025-12-04T10:15:23+00:00","dateModified":"2025-12-30T02:22:02+00:00","breadcrumb":{"@id":"https:\/\/lfv.vintech.systems\/#breadcrumb"},"inLanguage":"de","potentialAction":[{"@type":"ReadAction","target":["https:\/\/lfv.vintech.systems\/"]}]},{"@type":"ImageObject","inLanguage":"de","@id":"https:\/\/lfv.vintech.systems\/#primaryimage","url":"https:\/\/lfv.vintech.systems\/wp-content\/uploads\/2025\/12\/IMG-20191026-WA0113.jpg","contentUrl":"https:\/\/lfv.vintech.systems\/wp-content\/uploads\/2025\/12\/IMG-20191026-WA0113.jpg","width":1220,"height":1048},{"@type":"BreadcrumbList","@id":"https:\/\/lfv.vintech.systems\/#breadcrumb","itemListElement":[{"@type":"ListItem","position":1,"name":"Startseite","item":"https:\/\/lfv.vintech.systems\/"},{"@type":"ListItem","position":2,"name":"Homepage"}]},{"@type":"WebSite","@id":"https:\/\/lfv.vintech.systems\/#website","url":"https:\/\/lfv.vintech.systems\/","name":"LandFrauen Verein Ober-Ramstadt","description":"","publisher":{"@id":"https:\/\/lfv.vintech.systems\/#organization"},"potentialAction":[{"@type":"SearchAction","target":{"@type":"EntryPoint","urlTemplate":"https:\/\/lfv.vintech.systems\/?s={search_term_string}"},"query-input":{"@type":"PropertyValueSpecification","valueRequired":true,"valueName":"search_term_string"}}],"inLanguage":"de"},{"@type":"Organization","@id":"https:\/\/lfv.vintech.systems\/#organization","name":"LandFrauen Verein Ober-Ramstadt","url":"https:\/\/lfv.vintech.systems\/","logo":{"@type":"ImageObject","inLanguage":"de","@id":"https:\/\/lfv.vintech.systems\/#\/schema\/logo\/image\/","url":"https:\/\/lfv.vintech.systems\/wp-content\/uploads\/2025\/12\/cropped-logo-gross-1.png","contentUrl":"https:\/\/lfv.vintech.systems\/wp-content\/uploads\/2025\/12\/cropped-logo-gross-1.png","width":453,"height":174,"caption":"LandFrauen Verein Ober-Ramstadt"},"image":{"@id":"https:\/\/lfv.vintech.systems\/#\/schema\/logo\/image\/"}}]}},"_links":{"self":[{"href":"https:\/\/lfv.vintech.systems\/index.php\/wp-json\/wp\/v2\/pages\/10","targetHints":{"allow":["GET"]}}],"collection":[{"href":"https:\/\/lfv.vintech.systems\/index.php\/wp-json\/wp\/v2\/pages"}],"about":[{"href":"https:\/\/lfv.vintech.systems\/index.php\/wp-json\/wp\/v2\/types\/page"}],"author":[{"embeddable":true,"href":"https:\/\/lfv.vintech.systems\/index.php\/wp-json\/wp\/v2\/users\/1"}],"replies":[{"embeddable":true,"href":"https:\/\/lfv.vintech.systems\/index.php\/wp-json\/wp\/v2\/comments?post=10"}],"version-history":[{"count":38,"href":"https:\/\/lfv.vintech.systems\/index.php\/wp-json\/wp\/v2\/pages\/10\/revisions"}],"predecessor-version":[{"id":185,"href":"https:\/\/lfv.vintech.systems\/index.php\/wp-json\/wp\/v2\/pages\/10\/revisions\/185"}],"wp:attachment":[{"href":"https:\/\/lfv.vintech.systems\/index.php\/wp-json\/wp\/v2\/media?parent=10"}],"curies":[{"name":"wp","href":"https:\/\/api.w.org\/{rel}","templated":true}]}}